{"id":46,"date":"2015-12-10T00:01:54","date_gmt":"2015-12-09T23:01:54","guid":{"rendered":"http:\/\/www.adaj-montrouge.org\/v2\/?page_id=46"},"modified":"2020-11-21T16:08:04","modified_gmt":"2020-11-21T15:08:04","slug":"histoire","status":"publish","type":"page","link":"https:\/\/www.adaj-montrouge.org\/v2\/histoire\/","title":{"rendered":"Qui sommes nous ?"},"content":{"rendered":"<p class=\"txth3\">L&rsquo;ADAJ est avant tout un accompagnement personnalis\u00e9:<\/p>\n<p class=\"txth3\"><strong>A<\/strong>ssociation qui accueille, \u00e9coute, accompagne toute personne qui vient vers elle.<\/p>\n<p class=\"txth3\"><strong>D<\/strong>onne la parole \u00e0 tous, le go\u00fbt du r\u00eave, de la r\u00e9ussite et du partage.&nbsp; C&rsquo;est aussi un mouvement d&rsquo;entraide. Quelque fois, elle pousse les portes \u00e0 la place de ceux qui pourraient d\u00e9finitivement \u00ab\u00a0couler\u00a0\u00bb. Elle remet debout souvent.<\/p>\n<p class=\"txth3\"><strong>A<\/strong>ssociation qui aide au d\u00e9marrage de tout projet ayant pour but l&rsquo;int\u00e9gration et l&rsquo;animation dans la vie de la cit\u00e9. Elle ne veut surtout pas faire d&rsquo;assistanat, elle redonne le go\u00fbt de la responsabilit\u00e9 \u00e0 celle ou celui qu&rsquo;elle soutient.<\/p>\n<p class=\"txth3\"><strong>J<\/strong>ugements, discriminations, racismes et pol\u00e9miques en tous genres sont exclus de l&rsquo;association.<\/p>\n<p class=\"txth3\">C&rsquo;est&nbsp;la mat\u00e9rialisation des&nbsp;souhaits d&rsquo;entraide sur le quartier de Jacky LEGER. A sa mort, &nbsp;sa femme Ginette et deux voisins, Maurice Rouillot et Marie-Claude Lorion <a href=\"https:\/\/www.adaj-montrouge.org\/v2\/histoire-2\/\" target=\"_blank\" rel=\"noopener noreferrer\">d\u00e9cident de cr\u00e9er l&rsquo;ADAJ,<\/a> Association Des Amis de Jacky.<\/p>\n<p class=\"txth3\">Nous sommes une <a href=\"https:\/\/www.adaj-montrouge.org\/v2\/organisation\/\" target=\"_blank\" rel=\"noopener noreferrer\">association Loi de 1901<\/a><\/p>\n","protected":false},"excerpt":{"rendered":"<p>L&rsquo;ADAJ est avant tout un accompagnement personnalis\u00e9: Association qui accueille, \u00e9coute, accompagne toute personne qui vient vers elle. Donne la parole \u00e0 tous, le go\u00fbt du r\u00eave, de la r\u00e9ussite et du partage.&nbsp; C&rsquo;est aussi un mouvement d&rsquo;entraide. Quelque fois, elle pousse les portes \u00e0 la place de ceux qui pourraient d\u00e9finitivement \u00ab\u00a0couler\u00a0\u00bb. Elle remet &hellip; <a href=\"https:\/\/www.adaj-montrouge.org\/v2\/histoire\/\" class=\"more-link\">Continuer la lecture de <span class=\"screen-reader-text\">Qui sommes nous ?<\/span><\/a><\/p>\n","protected":false},"author":1,"featured_media":11,"parent":0,"menu_order":0,"comment_status":"closed","ping_status":"closed","template":"","meta":{"footnotes":""},"class_list":["post-46","page","type-page","status-publish","has-post-thumbnail","hentry"],"_links":{"self":[{"href":"https:\/\/www.adaj-montrouge.org\/v2\/wp-json\/wp\/v2\/pages\/46","targetHints":{"allow":["GET"]}}],"collection":[{"href":"https:\/\/www.adaj-montrouge.org\/v2\/wp-json\/wp\/v2\/pages"}],"about":[{"href":"https:\/\/www.adaj-montrouge.org\/v2\/wp-json\/wp\/v2\/types\/page"}],"author":[{"embeddable":true,"href":"https:\/\/www.adaj-montrouge.org\/v2\/wp-json\/wp\/v2\/users\/1"}],"replies":[{"embeddable":true,"href":"https:\/\/www.adaj-montrouge.org\/v2\/wp-json\/wp\/v2\/comments?post=46"}],"version-history":[{"count":15,"href":"https:\/\/www.adaj-montrouge.org\/v2\/wp-json\/wp\/v2\/pages\/46\/revisions"}],"predecessor-version":[{"id":542,"href":"https:\/\/www.adaj-montrouge.org\/v2\/wp-json\/wp\/v2\/pages\/46\/revisions\/542"}],"wp:featuredmedia":[{"embeddable":true,"href":"https:\/\/www.adaj-montrouge.org\/v2\/wp-json\/wp\/v2\/media\/11"}],"wp:attachment":[{"href":"https:\/\/www.adaj-montrouge.org\/v2\/wp-json\/wp\/v2\/media?parent=46"}],"curies":[{"name":"wp","href":"https:\/\/api.w.org\/{rel}","templated":true}]}}